{"id":222,"date":"2015-03-08T19:48:42","date_gmt":"2015-03-08T16:48:42","guid":{"rendered":"http:\/\/voytas.de\/lemberg\/?page_id=222"},"modified":"2019-02-19T19:34:13","modified_gmt":"2019-02-19T18:34:13","slug":"faq","status":"publish","type":"page","link":"https:\/\/ukraine-bus.de\/ru\/faq\/","title":{"rendered":"\u0418\u043d\u0444\u043e\u0440\u043c\u0430\u0446\u0438\u044f"},"content":{"rendered":"<h2 style=\"text-align: left; padding-left: 30px;\"><strong>Information \u00fcber Einreisebestimmungen <\/strong><\/h2>\n<h2 style=\"text-align: left; padding-left: 30px;\"><strong>in die Ukraine.<\/strong><\/h2>\n<ul>\n<li style=\"list-style-type: none\">\n<ul>\n<li style=\"text-align: left;\"><strong>Einreisebestimmungen<\/strong><br \/>\nReisedokumente f\u00fcr deutsche Staatsb\u00fcrger<br \/>\nF\u00fcr einen touristischen Aufenthalt bis zu 90 Tagen (innerhalb von 6 Monaten) ben\u00f6tigen Sie einen Reisepass.<br \/>\nDie Dokumente m\u00fcssen mindestens 1 Monat \u00fcber das Reiseende hinaus g\u00fcltig sein.<br \/>\nBen\u00f6tigt wird der Nachweis einer g\u00fcltigen Auslandskrankenschutzversicherung<\/li>\n<\/ul>\n<\/li>\n<\/ul>\n<ul>\n<li style=\"list-style-type: none\">\n<ul>\n<li style=\"text-align: left;\"><strong>Besondere Bestimmungen f\u00fcr Kinder und Jugendliche<\/strong><br \/>\nKinder und Jugendliche bis zum vollendeten 16. Lebenjahr k\u00f6nnen mit einem Kinderreisepass mit Lichtbild oder Reisepass einreisen.<\/li>\n<\/ul>\n<\/li>\n<\/ul>\n<ul>\n<li style=\"text-align: left;\"><strong>Bei der anderer Staatsangeh\u00f6rigkeit<\/strong><br \/>\nBitte wenden Sie rechtzeitig an die zust\u00e4ndige Beh\u00f6rde ( Konsulat)um alle notwendigen Informationen und Unterlagen zu besorgen. Jeder Fahrgast ist f\u00fcr die Einhaltung der Pass-, Visa-, Zoll- und Gesundheitsvorschriften selbst verantwortlich.<br \/>\nBei der Ausreise zu beachten<br \/>\nErkundigen Sie sich bereits bei der Einreise nach dem strengen Ausfuhrverbot f\u00fcr Wertgegenst\u00e4nde und Kulturg\u00fcter wie Antiquit\u00e4ten, Kunstgegenst\u00e4nde, B\u00fccher, M\u00fcnzen und Musikinstrumente.<br \/>\nUhr Der Zeitunterschied zu Deutschland betr\u00e4gt ganzj\u00e4hrig +1 Stunde.( UTC +2 )<\/li>\n<li><strong>Feiertage und Ferien<\/strong><\/li>\n<\/ul>\n\n<table id=\"tablepress-13\" class=\"tablepress tablepress-id-13\">\n<thead>\n<tr class=\"row-1\">\n\t<td class=\"column-1\"><\/td><td class=\"column-2\"><\/td><th class=\"column-3\">Feiertage im Jahr 2019<\/th>\n<\/tr>\n<\/thead>\n<tbody class=\"row-striping row-hover\">\n<tr class=\"row-2\">\n\t<td class=\"column-1\">1. Januar (Dienstag)<\/td><td class=\"column-2\">Neujahr<\/td><td class=\"column-3\"><\/td>\n<\/tr>\n<tr class=\"row-3\">\n\t<td class=\"column-1\">7. Januar (Montag)<\/td><td class=\"column-2\">Weihnachten (orthodox)<\/td><td class=\"column-3\"><\/td>\n<\/tr>\n<tr class=\"row-4\">\n\t<td class=\"column-1\">19. April (Freitag)<\/td><td class=\"column-2\">Karfreitag<\/td><td class=\"column-3\"><\/td>\n<\/tr>\n<tr class=\"row-5\">\n\t<td class=\"column-1\">22. April (Montag)<\/td><td class=\"column-2\">Ostermontag (orthodox)<\/td><td class=\"column-3\"><\/td>\n<\/tr>\n<tr class=\"row-6\">\n\t<td class=\"column-1\">1. Mai (Mittwoch)<\/td><td class=\"column-2\">Tag der Arbeit<\/td><td class=\"column-3\"><\/td>\n<\/tr>\n<tr class=\"row-7\">\n\t<td class=\"column-1\">9. Mai (Donnerstag)<\/td><td class=\"column-2\">Tag des Sieges (Ukr.)<\/td><td class=\"column-3\"><\/td>\n<\/tr>\n<tr class=\"row-8\">\n\t<td class=\"column-1\">30. Mai (Donnerstag)<\/td><td class=\"column-2\">Christi Himmelfahrt<\/td><td class=\"column-3\"><\/td>\n<\/tr>\n<tr class=\"row-9\">\n\t<td class=\"column-1\">10. Juni (Montag)<\/td><td class=\"column-2\">Pfingstmontag (orthodox)<\/td><td class=\"column-3\"><\/td>\n<\/tr>\n<tr class=\"row-10\">\n\t<td class=\"column-1\">26. August (Montag)<\/td><td class=\"column-2\">Tag der ukr. Unabh\u00e4ngigkeit<\/td><td class=\"column-3\"><\/td>\n<\/tr>\n<tr class=\"row-11\">\n\t<td class=\"column-1\">31. Oktober (Dienstag)<\/td><td class=\"column-2\">Reformationstag<\/td><td class=\"column-3\"><\/td>\n<\/tr>\n<tr class=\"row-12\">\n\t<td class=\"column-1\">3. Oktober (Donnerstag)<\/td><td class=\"column-2\">Tag der Deutschen Einheit<\/td><td class=\"column-3\"><\/td>\n<\/tr>\n<tr class=\"row-13\">\n\t<td class=\"column-1\">24. Dezember (Dienstag)<\/td><td class=\"column-2\">Heiligabend<\/td><td class=\"column-3\"><\/td>\n<\/tr>\n<tr class=\"row-14\">\n\t<td class=\"column-1\">25. Dezember (Mittwoch)<\/td><td class=\"column-2\">1. Weihnachtstag<\/td><td class=\"column-3\"><\/td>\n<\/tr>\n<tr class=\"row-15\">\n\t<td class=\"column-1\">26. Dezember (Donnerstag)<\/td><td class=\"column-2\">2. Weihnachtstag<\/td><td class=\"column-3\"><\/td>\n<\/tr>\n<tr class=\"row-16\">\n\t<td class=\"column-1\">31. Dezember (Dienstag)<\/td><td class=\"column-2\">Silvester<\/td><td class=\"column-3\"><\/td>\n<\/tr>\n<\/tbody>\n<\/table>\n<!-- #tablepress-13 from cache -->\n<ul>\n<li><strong style=\"line-height: 1.5;\">Auslandskrankenversicherung<\/strong><\/li>\n<\/ul>\n<p style=\"padding-left: 30px;\"><span style=\"line-height: 1.5;\">Wer in die Ukraine reist, sollte unbedingt eine private Auslandskrankenversicherung abschlie\u00dfen. Deutsche Krankenkassen d\u00fcrfen im Ausland entstandene Kosten h\u00f6chstens nach deutscher Geb\u00fchrenordnung erstatten. Kosten f\u00fcr einen Transport in geeignete Zentren oder zur\u00fcck nach Deutschland werden grunds\u00e4tzlich nicht \u00fcbernommen.<\/span><\/p>\n<ul>\n<li style=\"list-style-type: none\">\n<ul>\n<li>Weitere Informationen und online Buchung \u00fcber den nachfolgenden Link.<\/li>\n<\/ul>\n<\/li>\n<\/ul>\n<ul>\n<li style=\"text-align: left;\"><strong>Ins Land telefonieren<\/strong><\/li>\n<\/ul>\n<p style=\"text-align: left; padding-left: 30px;\">Von Deutschland in die Ukraine:<br \/>\n00380 + Ortsvorwahl ohne Null + Teilnehmernummer<br \/>\nZu Hause anrufen<br \/>\nVon der Ukraine nach Deutschland:<br \/>\n8 (Freizeichen abwarten) 1049 + Ortsvorwahl ohne Null + Teilnehmernummer<br \/>\nMit dem Handy telefonieren<br \/>\nDas Mobilfunknetz ist nicht fl\u00e4chendeckend. Erkundigen Sie sich bei Ihrem Mobilfunkbetreiber nach Einsatzm\u00f6glichkeiten des Mobiltelefons.<\/p>\n<ul>\n<li><strong>Allgemeine Notrufnummern in der Ukraine<\/strong><br \/>\nAuch vom ukrainischen Handy aus w\u00e4hlt man einfach nur die jeweiligen drei Ziffern:<br \/>\nFeuerwehr 101<br \/>\nPolizei 102<br \/>\nKrankenwagen 103<br \/>\nGasdienst 104<br \/>\nIn kleineren St\u00e4dten gibt es nur die 112.<\/li>\n<\/ul>\n<ul>\n<li style=\"text-align: left;\">\n<h2><strong>Botschaft<\/strong><\/h2>\n<\/li>\n<\/ul>\n<p style=\"padding-left: 30px;\"><strong> Botschaft der Ukraine in Deutschland<\/strong><br \/>\nAlbrechtstra\u00dfe 26<br \/>\n10117 Berlin<br \/>\nUkraine<br \/>\nTel.: +49 30 28 88 72 14<br \/>\nFax: +49 30 28 88 71 63<br \/>\nemb_de@mfa.gov.ua<br \/>\nwww.mfa.gov.ua\/germany<\/p>\n<p style=\"padding-left: 30px;\"><strong>Deutsche Botschaft<\/strong><br \/>\nBotschaft der Bundesrepublik Deutschland in die Ukraine<br \/>\n\u041f\u043e\u0441\u043e\u043b\u044c\u0441\u0442\u0432\u043e \u0424\u0435\u0434\u0435\u0440\u0430\u0442\u0438\u0432\u043d\u043e\u0457 \u0420\u0435\u0441\u043f\u0443\u0431\u043b\u0456\u043a\u0438 \u041d\u0456\u043c\u0435\u0447\u0447\u0438\u043d\u0430 \u041a\u0438\u0457\u0432<br \/>\nWul. Bohdana Chmelnyzkoho 25<br \/>\n01901 Kiew<br \/>\nUkraine<br \/>\nTel.: +380 44 247 68 00<br \/>\nFax: +380 44 247 68 18<br \/>\ninfo@kiew.diplo.de<br \/>\nwww.kiew.diplo.de<\/p>\n","protected":false},"excerpt":{"rendered":"<p>Information \u00fcber Einreisebestimmungen in die Ukraine. Einreisebestimmungen Reisedokumente f\u00fcr deutsche Staatsb\u00fcrger F\u00fcr einen touristischen Aufenthalt bis zu 90 Tagen (innerhalb von 6 Monaten) ben\u00f6tigen Sie einen Reisepass. Die Dokumente m\u00fcssen mindestens 1 Monat \u00fcber das Reiseende hinaus g\u00fcltig sein. Ben\u00f6tigt wird der Nachweis einer g\u00fcltigen Auslandskrankenschutzversicherung Besondere Bestimmungen f\u00fcr Kinder[&#8230;]<\/p>\n","protected":false},"author":2,"featured_media":0,"parent":0,"menu_order":0,"comment_status":"closed","ping_status":"closed","template":"","meta":{"footnotes":""},"class_list":["post-222","page","type-page","status-publish","hentry"],"yoast_head":"<!-- This site is optimized with the Yoast SEO plugin v25.1 - https:\/\/yoast.com\/wordpress\/plugins\/seo\/ -->\n<title>\u0418\u043d\u0444\u043e\u0440\u043c\u0430\u0446\u0438\u044f - Lemberg Reisen (ru)<\/title>\n<meta name=\"robots\" content=\"index, follow, max-snippet:-1, max-image-preview:large, max-video-preview:-1\" \/>\n<link rel=\"canonical\" href=\"https:\/\/ukraine-bus.de\/ru\/faq\/\" \/>\n<meta property=\"og:locale\" content=\"ru_RU\" \/>\n<meta property=\"og:type\" content=\"article\" \/>\n<meta property=\"og:title\" content=\"\u0418\u043d\u0444\u043e\u0440\u043c\u0430\u0446\u0438\u044f - Lemberg Reisen (ru)\" \/>\n<meta property=\"og:description\" content=\"Information \u00fcber Einreisebestimmungen in die Ukraine. Einreisebestimmungen Reisedokumente f\u00fcr deutsche Staatsb\u00fcrger F\u00fcr einen touristischen Aufenthalt bis zu 90 Tagen (innerhalb von 6 Monaten) ben\u00f6tigen Sie einen Reisepass. Die Dokumente m\u00fcssen mindestens 1 Monat \u00fcber das Reiseende hinaus g\u00fcltig sein. Ben\u00f6tigt wird der Nachweis einer g\u00fcltigen Auslandskrankenschutzversicherung Besondere Bestimmungen f\u00fcr Kinder[...]\" \/>\n<meta property=\"og:url\" content=\"https:\/\/ukraine-bus.de\/ru\/faq\/\" \/>\n<meta property=\"og:site_name\" content=\"Lemberg Reisen (ru)\" \/>\n<meta property=\"article:modified_time\" content=\"2019-02-19T18:34:13+00:00\" \/>\n<meta name=\"twitter:card\" content=\"summary_large_image\" \/>\n<meta name=\"twitter:label1\" content=\"\u041f\u0440\u0438\u043c\u0435\u0440\u043d\u043e\u0435 \u0432\u0440\u0435\u043c\u044f \u0434\u043b\u044f \u0447\u0442\u0435\u043d\u0438\u044f\" \/>\n\t<meta name=\"twitter:data1\" content=\"2 \u043c\u0438\u043d\u0443\u0442\u044b\" \/>\n<script type=\"application\/ld+json\" class=\"yoast-schema-graph\">{\"@context\":\"https:\/\/schema.org\",\"@graph\":[{\"@type\":\"WebPage\",\"@id\":\"https:\/\/ukraine-bus.de\/ru\/faq\/\",\"url\":\"https:\/\/ukraine-bus.de\/ru\/faq\/\",\"name\":\"\u0418\u043d\u0444\u043e\u0440\u043c\u0430\u0446\u0438\u044f - Lemberg Reisen (ru)\",\"isPartOf\":{\"@id\":\"https:\/\/ukraine-bus.de\/ru\/#website\"},\"datePublished\":\"2015-03-08T16:48:42+00:00\",\"dateModified\":\"2019-02-19T18:34:13+00:00\",\"breadcrumb\":{\"@id\":\"https:\/\/ukraine-bus.de\/ru\/faq\/#breadcrumb\"},\"inLanguage\":\"ru-RU\",\"potentialAction\":[{\"@type\":\"ReadAction\",\"target\":[\"https:\/\/ukraine-bus.de\/ru\/faq\/\"]}]},{\"@type\":\"BreadcrumbList\",\"@id\":\"https:\/\/ukraine-bus.de\/ru\/faq\/#breadcrumb\",\"itemListElement\":[{\"@type\":\"ListItem\",\"position\":1,\"name\":\"Startseite\",\"item\":\"https:\/\/ukraine-bus.de\/ru\/\"},{\"@type\":\"ListItem\",\"position\":2,\"name\":\"\u0418\u043d\u0444\u043e\u0440\u043c\u0430\u0446\u0438\u044f\"}]},{\"@type\":\"WebSite\",\"@id\":\"https:\/\/ukraine-bus.de\/ru\/#website\",\"url\":\"https:\/\/ukraine-bus.de\/ru\/\",\"name\":\"Lemberg Reisen (ru)\",\"description\":\"Eine weitere Lemberg Reisen Websites Website\",\"publisher\":{\"@id\":\"https:\/\/ukraine-bus.de\/ru\/#organization\"},\"potentialAction\":[{\"@type\":\"SearchAction\",\"target\":{\"@type\":\"EntryPoint\",\"urlTemplate\":\"https:\/\/ukraine-bus.de\/ru\/?s={search_term_string}\"},\"query-input\":{\"@type\":\"PropertyValueSpecification\",\"valueRequired\":true,\"valueName\":\"search_term_string\"}}],\"inLanguage\":\"ru-RU\"},{\"@type\":\"Organization\",\"@id\":\"https:\/\/ukraine-bus.de\/ru\/#organization\",\"name\":\"Lemberg Touristik und Transport\",\"url\":\"https:\/\/ukraine-bus.de\/ru\/\",\"logo\":{\"@type\":\"ImageObject\",\"inLanguage\":\"ru-RU\",\"@id\":\"https:\/\/ukraine-bus.de\/ru\/#\/schema\/logo\/image\/\",\"url\":\"https:\/\/ukraine-bus.de\/ru\/wp-content\/uploads\/sites\/3\/2017\/01\/logo.png\",\"contentUrl\":\"https:\/\/ukraine-bus.de\/ru\/wp-content\/uploads\/sites\/3\/2017\/01\/logo.png\",\"width\":237,\"height\":60,\"caption\":\"Lemberg Touristik und Transport\"},\"image\":{\"@id\":\"https:\/\/ukraine-bus.de\/ru\/#\/schema\/logo\/image\/\"}}]}<\/script>\n<!-- \/ Yoast SEO plugin. -->","yoast_head_json":{"title":"\u0418\u043d\u0444\u043e\u0440\u043c\u0430\u0446\u0438\u044f - Lemberg Reisen (ru)","robots":{"index":"index","follow":"follow","max-snippet":"max-snippet:-1","max-image-preview":"max-image-preview:large","max-video-preview":"max-video-preview:-1"},"canonical":"https:\/\/ukraine-bus.de\/ru\/faq\/","og_locale":"ru_RU","og_type":"article","og_title":"\u0418\u043d\u0444\u043e\u0440\u043c\u0430\u0446\u0438\u044f - Lemberg Reisen (ru)","og_description":"Information \u00fcber Einreisebestimmungen in die Ukraine. Einreisebestimmungen Reisedokumente f\u00fcr deutsche Staatsb\u00fcrger F\u00fcr einen touristischen Aufenthalt bis zu 90 Tagen (innerhalb von 6 Monaten) ben\u00f6tigen Sie einen Reisepass. Die Dokumente m\u00fcssen mindestens 1 Monat \u00fcber das Reiseende hinaus g\u00fcltig sein. Ben\u00f6tigt wird der Nachweis einer g\u00fcltigen Auslandskrankenschutzversicherung Besondere Bestimmungen f\u00fcr Kinder[...]","og_url":"https:\/\/ukraine-bus.de\/ru\/faq\/","og_site_name":"Lemberg Reisen (ru)","article_modified_time":"2019-02-19T18:34:13+00:00","twitter_card":"summary_large_image","twitter_misc":{"\u041f\u0440\u0438\u043c\u0435\u0440\u043d\u043e\u0435 \u0432\u0440\u0435\u043c\u044f \u0434\u043b\u044f \u0447\u0442\u0435\u043d\u0438\u044f":"2 \u043c\u0438\u043d\u0443\u0442\u044b"},"schema":{"@context":"https:\/\/schema.org","@graph":[{"@type":"WebPage","@id":"https:\/\/ukraine-bus.de\/ru\/faq\/","url":"https:\/\/ukraine-bus.de\/ru\/faq\/","name":"\u0418\u043d\u0444\u043e\u0440\u043c\u0430\u0446\u0438\u044f - Lemberg Reisen (ru)","isPartOf":{"@id":"https:\/\/ukraine-bus.de\/ru\/#website"},"datePublished":"2015-03-08T16:48:42+00:00","dateModified":"2019-02-19T18:34:13+00:00","breadcrumb":{"@id":"https:\/\/ukraine-bus.de\/ru\/faq\/#breadcrumb"},"inLanguage":"ru-RU","potentialAction":[{"@type":"ReadAction","target":["https:\/\/ukraine-bus.de\/ru\/faq\/"]}]},{"@type":"BreadcrumbList","@id":"https:\/\/ukraine-bus.de\/ru\/faq\/#breadcrumb","itemListElement":[{"@type":"ListItem","position":1,"name":"Startseite","item":"https:\/\/ukraine-bus.de\/ru\/"},{"@type":"ListItem","position":2,"name":"\u0418\u043d\u0444\u043e\u0440\u043c\u0430\u0446\u0438\u044f"}]},{"@type":"WebSite","@id":"https:\/\/ukraine-bus.de\/ru\/#website","url":"https:\/\/ukraine-bus.de\/ru\/","name":"Lemberg Reisen (ru)","description":"Eine weitere Lemberg Reisen Websites Website","publisher":{"@id":"https:\/\/ukraine-bus.de\/ru\/#organization"},"potentialAction":[{"@type":"SearchAction","target":{"@type":"EntryPoint","urlTemplate":"https:\/\/ukraine-bus.de\/ru\/?s={search_term_string}"},"query-input":{"@type":"PropertyValueSpecification","valueRequired":true,"valueName":"search_term_string"}}],"inLanguage":"ru-RU"},{"@type":"Organization","@id":"https:\/\/ukraine-bus.de\/ru\/#organization","name":"Lemberg Touristik und Transport","url":"https:\/\/ukraine-bus.de\/ru\/","logo":{"@type":"ImageObject","inLanguage":"ru-RU","@id":"https:\/\/ukraine-bus.de\/ru\/#\/schema\/logo\/image\/","url":"https:\/\/ukraine-bus.de\/ru\/wp-content\/uploads\/sites\/3\/2017\/01\/logo.png","contentUrl":"https:\/\/ukraine-bus.de\/ru\/wp-content\/uploads\/sites\/3\/2017\/01\/logo.png","width":237,"height":60,"caption":"Lemberg Touristik und Transport"},"image":{"@id":"https:\/\/ukraine-bus.de\/ru\/#\/schema\/logo\/image\/"}}]}},"_links":{"self":[{"href":"https:\/\/ukraine-bus.de\/ru\/wp-json\/wp\/v2\/pages\/222","targetHints":{"allow":["GET"]}}],"collection":[{"href":"https:\/\/ukraine-bus.de\/ru\/wp-json\/wp\/v2\/pages"}],"about":[{"href":"https:\/\/ukraine-bus.de\/ru\/wp-json\/wp\/v2\/types\/page"}],"author":[{"embeddable":true,"href":"https:\/\/ukraine-bus.de\/ru\/wp-json\/wp\/v2\/users\/2"}],"replies":[{"embeddable":true,"href":"https:\/\/ukraine-bus.de\/ru\/wp-json\/wp\/v2\/comments?post=222"}],"version-history":[{"count":2,"href":"https:\/\/ukraine-bus.de\/ru\/wp-json\/wp\/v2\/pages\/222\/revisions"}],"predecessor-version":[{"id":883,"href":"https:\/\/ukraine-bus.de\/ru\/wp-json\/wp\/v2\/pages\/222\/revisions\/883"}],"wp:attachment":[{"href":"https:\/\/ukraine-bus.de\/ru\/wp-json\/wp\/v2\/media?parent=222"}],"curies":[{"name":"wp","href":"https:\/\/api.w.org\/{rel}","templated":true}]}}