{"id":74,"date":"2015-02-13T01:24:40","date_gmt":"2015-02-12T22:24:40","guid":{"rendered":"http:\/\/voytas.de\/lemberg\/?page_id=74"},"modified":"2015-02-13T01:24:40","modified_gmt":"2015-02-12T22:24:40","slug":"agb","status":"publish","type":"page","link":"https:\/\/ukraine-bus.de\/ru\/agb\/","title":{"rendered":"AGB"},"content":{"rendered":"<ul>\n<li><a href=\"http:\/\/voytas.de\/lemberg\/?page_id=174\">Bef\u00f6rder Benz-Express<\/a><\/li>\n<li><a href=\"http:\/\/voytas.de\/lemberg\/?page_id=177\">Bef\u00f6rder East West Eurolines<\/a><\/li>\n<li><a href=\"http:\/\/voytas.de\/lemberg\/?page_id=179\">Bef\u00f6rder Shewchenko<\/a><\/li>\n<\/ul>\n","protected":false},"excerpt":{"rendered":"<p>Bef\u00f6rder Benz-Express Bef\u00f6rder East West Eurolines Bef\u00f6rder Shewchenko<\/p>\n","protected":false},"author":2,"featured_media":0,"parent":0,"menu_order":0,"comment_status":"closed","ping_status":"closed","template":"","meta":{"footnotes":""},"class_list":["post-74","page","type-page","status-publish","hentry"],"yoast_head":"<!-- This site is optimized with the Yoast SEO plugin v25.1 - https:\/\/yoast.com\/wordpress\/plugins\/seo\/ -->\n<title>AGB - Lemberg Reisen (ru)<\/title>\n<meta name=\"robots\" content=\"index, follow, max-snippet:-1, max-image-preview:large, max-video-preview:-1\" \/>\n<link rel=\"canonical\" href=\"https:\/\/ukraine-bus.de\/ru\/agb\/\" \/>\n<meta property=\"og:locale\" content=\"ru_RU\" \/>\n<meta property=\"og:type\" content=\"article\" \/>\n<meta property=\"og:title\" content=\"AGB - Lemberg Reisen (ru)\" \/>\n<meta property=\"og:description\" content=\"Bef\u00f6rder Benz-Express Bef\u00f6rder East West Eurolines Bef\u00f6rder Shewchenko\" \/>\n<meta property=\"og:url\" content=\"https:\/\/ukraine-bus.de\/ru\/agb\/\" \/>\n<meta property=\"og:site_name\" content=\"Lemberg Reisen (ru)\" \/>\n<meta name=\"twitter:card\" content=\"summary_large_image\" \/>\n<script type=\"application\/ld+json\" class=\"yoast-schema-graph\">{\"@context\":\"https:\/\/schema.org\",\"@graph\":[{\"@type\":\"WebPage\",\"@id\":\"https:\/\/ukraine-bus.de\/ru\/agb\/\",\"url\":\"https:\/\/ukraine-bus.de\/ru\/agb\/\",\"name\":\"AGB - Lemberg Reisen (ru)\",\"isPartOf\":{\"@id\":\"https:\/\/ukraine-bus.de\/ru\/#website\"},\"datePublished\":\"2015-02-12T22:24:40+00:00\",\"breadcrumb\":{\"@id\":\"https:\/\/ukraine-bus.de\/ru\/agb\/#breadcrumb\"},\"inLanguage\":\"ru-RU\",\"potentialAction\":[{\"@type\":\"ReadAction\",\"target\":[\"https:\/\/ukraine-bus.de\/ru\/agb\/\"]}]},{\"@type\":\"BreadcrumbList\",\"@id\":\"https:\/\/ukraine-bus.de\/ru\/agb\/#breadcrumb\",\"itemListElement\":[{\"@type\":\"ListItem\",\"position\":1,\"name\":\"Startseite\",\"item\":\"https:\/\/ukraine-bus.de\/ru\/\"},{\"@type\":\"ListItem\",\"position\":2,\"name\":\"AGB\"}]},{\"@type\":\"WebSite\",\"@id\":\"https:\/\/ukraine-bus.de\/ru\/#website\",\"url\":\"https:\/\/ukraine-bus.de\/ru\/\",\"name\":\"Lemberg Reisen (ru)\",\"description\":\"Eine weitere Lemberg Reisen Websites Website\",\"publisher\":{\"@id\":\"https:\/\/ukraine-bus.de\/ru\/#organization\"},\"potentialAction\":[{\"@type\":\"SearchAction\",\"target\":{\"@type\":\"EntryPoint\",\"urlTemplate\":\"https:\/\/ukraine-bus.de\/ru\/?s={search_term_string}\"},\"query-input\":{\"@type\":\"PropertyValueSpecification\",\"valueRequired\":true,\"valueName\":\"search_term_string\"}}],\"inLanguage\":\"ru-RU\"},{\"@type\":\"Organization\",\"@id\":\"https:\/\/ukraine-bus.de\/ru\/#organization\",\"name\":\"Lemberg Touristik und Transport\",\"url\":\"https:\/\/ukraine-bus.de\/ru\/\",\"logo\":{\"@type\":\"ImageObject\",\"inLanguage\":\"ru-RU\",\"@id\":\"https:\/\/ukraine-bus.de\/ru\/#\/schema\/logo\/image\/\",\"url\":\"https:\/\/ukraine-bus.de\/ru\/wp-content\/uploads\/sites\/3\/2017\/01\/logo.png\",\"contentUrl\":\"https:\/\/ukraine-bus.de\/ru\/wp-content\/uploads\/sites\/3\/2017\/01\/logo.png\",\"width\":237,\"height\":60,\"caption\":\"Lemberg Touristik und Transport\"},\"image\":{\"@id\":\"https:\/\/ukraine-bus.de\/ru\/#\/schema\/logo\/image\/\"}}]}<\/script>\n<!-- \/ Yoast SEO plugin. -->","yoast_head_json":{"title":"AGB - Lemberg Reisen (ru)","robots":{"index":"index","follow":"follow","max-snippet":"max-snippet:-1","max-image-preview":"max-image-preview:large","max-video-preview":"max-video-preview:-1"},"canonical":"https:\/\/ukraine-bus.de\/ru\/agb\/","og_locale":"ru_RU","og_type":"article","og_title":"AGB - Lemberg Reisen (ru)","og_description":"Bef\u00f6rder Benz-Express Bef\u00f6rder East West Eurolines Bef\u00f6rder Shewchenko","og_url":"https:\/\/ukraine-bus.de\/ru\/agb\/","og_site_name":"Lemberg Reisen (ru)","twitter_card":"summary_large_image","schema":{"@context":"https:\/\/schema.org","@graph":[{"@type":"WebPage","@id":"https:\/\/ukraine-bus.de\/ru\/agb\/","url":"https:\/\/ukraine-bus.de\/ru\/agb\/","name":"AGB - Lemberg Reisen (ru)","isPartOf":{"@id":"https:\/\/ukraine-bus.de\/ru\/#website"},"datePublished":"2015-02-12T22:24:40+00:00","breadcrumb":{"@id":"https:\/\/ukraine-bus.de\/ru\/agb\/#breadcrumb"},"inLanguage":"ru-RU","potentialAction":[{"@type":"ReadAction","target":["https:\/\/ukraine-bus.de\/ru\/agb\/"]}]},{"@type":"BreadcrumbList","@id":"https:\/\/ukraine-bus.de\/ru\/agb\/#breadcrumb","itemListElement":[{"@type":"ListItem","position":1,"name":"Startseite","item":"https:\/\/ukraine-bus.de\/ru\/"},{"@type":"ListItem","position":2,"name":"AGB"}]},{"@type":"WebSite","@id":"https:\/\/ukraine-bus.de\/ru\/#website","url":"https:\/\/ukraine-bus.de\/ru\/","name":"Lemberg Reisen (ru)","description":"Eine weitere Lemberg Reisen Websites Website","publisher":{"@id":"https:\/\/ukraine-bus.de\/ru\/#organization"},"potentialAction":[{"@type":"SearchAction","target":{"@type":"EntryPoint","urlTemplate":"https:\/\/ukraine-bus.de\/ru\/?s={search_term_string}"},"query-input":{"@type":"PropertyValueSpecification","valueRequired":true,"valueName":"search_term_string"}}],"inLanguage":"ru-RU"},{"@type":"Organization","@id":"https:\/\/ukraine-bus.de\/ru\/#organization","name":"Lemberg Touristik und Transport","url":"https:\/\/ukraine-bus.de\/ru\/","logo":{"@type":"ImageObject","inLanguage":"ru-RU","@id":"https:\/\/ukraine-bus.de\/ru\/#\/schema\/logo\/image\/","url":"https:\/\/ukraine-bus.de\/ru\/wp-content\/uploads\/sites\/3\/2017\/01\/logo.png","contentUrl":"https:\/\/ukraine-bus.de\/ru\/wp-content\/uploads\/sites\/3\/2017\/01\/logo.png","width":237,"height":60,"caption":"Lemberg Touristik und Transport"},"image":{"@id":"https:\/\/ukraine-bus.de\/ru\/#\/schema\/logo\/image\/"}}]}},"_links":{"self":[{"href":"https:\/\/ukraine-bus.de\/ru\/wp-json\/wp\/v2\/pages\/74","targetHints":{"allow":["GET"]}}],"collection":[{"href":"https:\/\/ukraine-bus.de\/ru\/wp-json\/wp\/v2\/pages"}],"about":[{"href":"https:\/\/ukraine-bus.de\/ru\/wp-json\/wp\/v2\/types\/page"}],"author":[{"embeddable":true,"href":"https:\/\/ukraine-bus.de\/ru\/wp-json\/wp\/v2\/users\/2"}],"replies":[{"embeddable":true,"href":"https:\/\/ukraine-bus.de\/ru\/wp-json\/wp\/v2\/comments?post=74"}],"version-history":[{"count":0,"href":"https:\/\/ukraine-bus.de\/ru\/wp-json\/wp\/v2\/pages\/74\/revisions"}],"wp:attachment":[{"href":"https:\/\/ukraine-bus.de\/ru\/wp-json\/wp\/v2\/media?parent=74"}],"curies":[{"name":"wp","href":"https:\/\/api.w.org\/{rel}","templated":true}]}}